{"id":29,"date":"2023-10-18T16:08:28","date_gmt":"2023-10-18T16:08:28","guid":{"rendered":"https:\/\/elraco.online\/?page_id=29"},"modified":"2025-09-27T20:04:55","modified_gmt":"2025-09-27T20:04:55","slug":"29-2","status":"publish","type":"page","link":"https:\/\/elraco.online\/","title":{"rendered":""},"content":{"rendered":"\t\t<div data-elementor-type=\"wp-page\" data-elementor-id=\"29\" class=\"elementor elementor-29\">\n\t\t\t\t\t\t\t<div class=\"elementor-element elementor-element-67144218 e-flex e-con-boxed e-con e-parent\" data-id=\"67144218\" data-element_type=\"container\" data-settings=\"{&quot;content_width&quot;:&quot;boxed&quot;}\" data-core-v316-plus=\"true\">\n\t\t\t\t\t<div class=\"e-con-inner\">\n\t\t\t\t<div class=\"elementor-element elementor-element-5269620d elementor-widget elementor-widget-text-editor\" data-id=\"5269620d\" data-element_type=\"widget\" data-widget_type=\"text-editor.default\">\n\t\t\t\t<div class=\"elementor-widget-container\">\n\t\t\t<style>\/*! elementor - v3.16.0 - 17-10-2023 *\/\n.elementor-widget-text-editor.elementor-drop-cap-view-stacked .elementor-drop-cap{background-color:#69727d;color:#fff}.elementor-widget-text-editor.elementor-drop-cap-view-framed .elementor-drop-cap{color:#69727d;border:3px solid;background-color:transparent}.elementor-widget-text-editor:not(.elementor-drop-cap-view-default) .elementor-drop-cap{margin-top:8px}.elementor-widget-text-editor:not(.elementor-drop-cap-view-default) .elementor-drop-cap-letter{width:1em;height:1em}.elementor-widget-text-editor .elementor-drop-cap{float:left;text-align:center;line-height:1;font-size:50px}.elementor-widget-text-editor .elementor-drop-cap-letter{display:inline-block}<\/style>\t\t\t\t<!-- wp:cover {\"url\":\"http:\/\/elraco.online\/wp-content\/uploads\/2023\/10\/imagen_2023-10-18_173629041.png\",\"id\":12,\"dimRatio\":50,\"align\":\"full\",\"layout\":{\"type\":\"constrained\"}} -->\n<div class=\"wp-block-cover alignfull\"><span aria-hidden=\"true\" class=\"wp-block-cover__background has-background-dim\"><\/span><img decoding=\"async\" loading=\"lazy\" width=\"2048\" height=\"1156\" class=\"wp-block-cover__image-background wp-image-12\" alt=\"\" src=\"http:\/\/elraco.online\/wp-content\/uploads\/2023\/10\/imagen_2023-10-18_173629041.png\" data-object-fit=\"cover\" srcset=\"https:\/\/elraco.online\/wp-content\/uploads\/2023\/10\/imagen_2023-10-18_173629041.png 2048w, https:\/\/elraco.online\/wp-content\/uploads\/2023\/10\/imagen_2023-10-18_173629041-300x169.png 300w, https:\/\/elraco.online\/wp-content\/uploads\/2023\/10\/imagen_2023-10-18_173629041-1024x578.png 1024w, https:\/\/elraco.online\/wp-content\/uploads\/2023\/10\/imagen_2023-10-18_173629041-768x434.png 768w, https:\/\/elraco.online\/wp-content\/uploads\/2023\/10\/imagen_2023-10-18_173629041-1536x867.png 1536w\" sizes=\"(max-width: 2048px) 100vw, 2048px\" \/><div class=\"wp-block-cover__inner-container\"><!-- wp:heading {\"textAlign\":\"left\",\"fontSize\":\"large\"} -->\n<h2 class=\"wp-block-heading has-text-align-left has-large-font-size\"><strong>El R\u00e1co<\/strong><\/h2>\n<!-- \/wp:heading -->\n\n<!-- wp:paragraph {\"fontSize\":\"large\"} -->\n<p class=\"has-large-font-size\">\u00abDescobreix l&#8217;ess\u00e8ncia de la cuina catalana a El Rac\u00f3. Passi\u00f3, Tradici\u00f3 i Sabor en cada mos. Benvingut a una experi\u00e8ncia culin\u00e0ria \u00fanica.\u00bb<\/p>\n<!-- \/wp:paragraph -->\n\n<!-- wp:paragraph -->\n<p>\ud83d\udcf1 Tel\u00e8fon de contacte: +34 604 90 64 78<\/p>\n<!-- \/wp:paragraph --><\/div><\/div>\n<!-- \/wp:cover -->\n\n<!-- wp:separator {\"className\":\"is-style-wide\"} -->\n<hr class=\"wp-block-separator has-alpha-channel-opacity is-style-wide\"\/>\n<!-- \/wp:separator -->\n\n<!-- wp:cover {\"url\":\"http:\/\/elraco.online\/wp-content\/uploads\/2023\/10\/imagen_2023-10-18_174317081.png\",\"id\":13,\"dimRatio\":50,\"isDark\":false,\"align\":\"full\",\"layout\":{\"type\":\"constrained\"}} -->\n<div class=\"wp-block-cover alignfull is-light\"><span aria-hidden=\"true\" class=\"wp-block-cover__background has-background-dim\"><\/span><img decoding=\"async\" loading=\"lazy\" width=\"1024\" height=\"768\" class=\"wp-block-cover__image-background wp-image-13\" alt=\"\" src=\"http:\/\/elraco.online\/wp-content\/uploads\/2023\/10\/imagen_2023-10-18_174317081.png\" data-object-fit=\"cover\" srcset=\"https:\/\/elraco.online\/wp-content\/uploads\/2023\/10\/imagen_2023-10-18_174317081.png 1024w, https:\/\/elraco.online\/wp-content\/uploads\/2023\/10\/imagen_2023-10-18_174317081-300x225.png 300w, https:\/\/elraco.online\/wp-content\/uploads\/2023\/10\/imagen_2023-10-18_174317081-768x576.png 768w\" sizes=\"(max-width: 1024px) 100vw, 1024px\" \/><div class=\"wp-block-cover__inner-container\"><!-- wp:columns -->\n<div class=\"wp-block-columns\"><!-- wp:column -->\n<div class=\"wp-block-column\"><!-- wp:spacer -->\n<div style=\"height:100px\" aria-hidden=\"true\" class=\"wp-block-spacer\"><\/div>\n<!-- \/wp:spacer -->\n\n<!-- wp:paragraph {\"textColor\":\"white\",\"fontSize\":\"large\"} -->\n<p class=\"has-white-color has-text-color has-large-font-size\"><em><strong>La nostra Missi\u00f3<\/strong><\/em><\/p>\n<!-- \/wp:paragraph -->\n\n<!-- wp:paragraph {\"align\":\"left\",\"textColor\":\"white\",\"fontSize\":\"medium\"} -->\n<p class=\"has-text-align-left has-white-color has-text-color has-medium-font-size\"><em>\u00ab<\/em>Volem que cada visita al nostre restaurant sigui inoblidable. En un ambient acollidor i amigable, els nostres clients poden submergir-se en la passi\u00f3 i el gust de Catalunya. A El Rac\u00f3, no nom\u00e9s servim menjars; creem moments memorables on cada mossegada explica una hist\u00f2ria de la rica her\u00e8ncia gastron\u00f2mica de la nostra terra.<em>\u00ab<\/em><\/p>\n<!-- \/wp:paragraph --><\/div>\n<!-- \/wp:column -->\n\n<!-- wp:column -->\n<div class=\"wp-block-column\"><!-- wp:columns -->\n<div class=\"wp-block-columns\"><!-- wp:column -->\n<div class=\"wp-block-column\"><!-- wp:spacer {\"height\":\"53px\"} -->\n<div style=\"height:53px\" aria-hidden=\"true\" class=\"wp-block-spacer\"><\/div>\n<!-- \/wp:spacer -->\n\n<!-- wp:spacer {\"height\":\"5px\"} -->\n<div style=\"height:5px\" aria-hidden=\"true\" class=\"wp-block-spacer\"><\/div>\n<!-- \/wp:spacer -->\n\n<!-- wp:image {\"id\":15,\"width\":\"262px\",\"height\":\"auto\",\"aspectRatio\":\"0.6669921875\",\"sizeSlug\":\"full\",\"linkDestination\":\"none\"} -->\n<figure class=\"wp-block-image size-full is-resized\"><img decoding=\"async\" loading=\"lazy\" width=\"683\" height=\"1024\" src=\"http:\/\/elraco.online\/wp-content\/uploads\/2023\/10\/image.png\" alt=\"\" class=\"wp-image-15\" style=\"aspect-ratio:0.6669921875;width:262px;height:auto\" srcset=\"https:\/\/elraco.online\/wp-content\/uploads\/2023\/10\/image.png 683w, https:\/\/elraco.online\/wp-content\/uploads\/2023\/10\/image-200x300.png 200w\" sizes=\"(max-width: 683px) 100vw, 683px\" \/><\/figure>\n<!-- \/wp:image --><\/div>\n<!-- \/wp:column -->\n\n<!-- wp:column -->\n<div class=\"wp-block-column\"><!-- wp:image {\"id\":16,\"sizeSlug\":\"full\",\"linkDestination\":\"none\"} -->\n<figure class=\"wp-block-image size-full\"><img decoding=\"async\" loading=\"lazy\" width=\"577\" height=\"1024\" src=\"http:\/\/elraco.online\/wp-content\/uploads\/2023\/10\/imagen_2023-10-18_174917593.png\" alt=\"\" class=\"wp-image-16\" srcset=\"https:\/\/elraco.online\/wp-content\/uploads\/2023\/10\/imagen_2023-10-18_174917593.png 577w, https:\/\/elraco.online\/wp-content\/uploads\/2023\/10\/imagen_2023-10-18_174917593-169x300.png 169w\" sizes=\"(max-width: 577px) 100vw, 577px\" \/><\/figure>\n<!-- \/wp:image --><\/div>\n<!-- \/wp:column --><\/div>\n<!-- \/wp:columns --><\/div>\n<!-- \/wp:column --><\/div>\n<!-- \/wp:columns --><\/div><\/div>\n<!-- \/wp:cover -->\t\t\t\t\t\t<\/div>\n\t\t\t\t<\/div>\n\t\t\t\t\t<\/div>\n\t\t\t\t<\/div>\n\t\t<div class=\"elementor-element elementor-element-e158ebe e-flex e-con-boxed e-con e-parent\" data-id=\"e158ebe\" data-element_type=\"container\" data-settings=\"{&quot;content_width&quot;:&quot;boxed&quot;}\" data-core-v316-plus=\"true\">\n\t\t\t\t\t<div class=\"e-con-inner\">\n\t\t\t\t<div class=\"elementor-element elementor-element-b0aa1e3 elementor-widget elementor-widget-text-editor\" data-id=\"b0aa1e3\" data-element_type=\"widget\" data-widget_type=\"text-editor.default\">\n\t\t\t\t<div class=\"elementor-widget-container\">\n\t\t\t\t\t\t\t<blockquote>\n<p><strong>GRUPS DE 5 PERSONES A M\u00c9S: A causa de l&#8217;alta quantitat de reserves i cancel\u00b7laci\u00f3 de la mateixa sense av\u00eds. No donarem taules sense pagament anticipat de 5,00\u20ac per persona.&nbsp;<\/strong><\/p>\n<\/blockquote>\n<blockquote>\n<p><strong>GRUPOS DE 5 PERSONAS O M\u00c1S: Debido a la alta cantidad de reservas y cancelaci\u00f3n de la misma sin aviso. No daremos mesas sin pago anticipado de 5,00\u20ac por persona.<\/strong><\/p>\n<\/blockquote>\n<blockquote>\n<p><strong>GROUPS OF PEOPLE 5 OR MORE: Due to the high number of reservations and cancellation without notice. We will not give tables without advance payment of 5,00\u20ac per person.&nbsp;<\/strong><\/p>\n<\/blockquote>\n<p><em><strong>Link per a pagament\/ para pago\/ for Payment:&nbsp; <a href=\"https:\/\/es.social-commerce.io\/azKlrc\">https:\/\/es.social-commerce.io\/azKlrc<\/a><\/strong><\/em><\/p>\n<p><em><b>Pol\u00edtica<\/b> <b>de<\/b> <b>Reserves<\/b> <b>i<\/b> <b>Reembossaments<\/b><\/em><\/p>\n<p><em>&nbsp;Les sol\u00b7licituds de reserva per a grups de cinc (5) o m\u00e9s comensals s&#8217;han de gestionar exclusivament a trav\u00e9s de la nostra plataforma en l\u00ednia. Qualsevol sol\u00b7licitud feta per altres mitjans no ser\u00e0 processada ni confirmada. En cas que el(s) client(s) hagin efectuat un pagament anticipat i no assisteixin en la data i horari establerts, no s&#8217;atorgar\u00e0 un reemborsament total, at\u00e8s que la suma cobreix les despeses administratives i operatives associades.<\/em><\/p>\n<p><strong><em>Pol\u00edtica de Reservas y Reembolsos<\/em><\/strong><\/p>\n<p><em>Las solicitudes de reserva para grupos de cinco (5) o m\u00e1s comensales deben gestionarse exclusivamente a trav\u00e9s de nuestra plataforma en l\u00ednea. Cualquier solicitud realizada por otros medios no ser\u00e1 procesada ni confirmada. <\/em><em>En caso de que el (los) cliente(s) hayan efectuado un pago anticipado y no asistan en la fecha y horario establecidos, no se otorgar\u00e1 un reembolso total, dado que el monto cubre los gastos administrativos y operativos asociados.<\/em><\/p>\n<p><strong><em>Reservation and Refund Policy<\/em><\/strong><\/p>\n<p><em>Reservations for groups of five (5) or more guests must be processed exclusively through our online platform. Any requests made through other means will not be processed or confirmed. If the guest(s) have made a prepayment and do not attend on the scheduled date and time, a full refund will not be issued, as the amount covers associated administrative and operational expenses.<\/em><\/p>\n<p><\/p>\t\t\t\t\t\t<\/div>\n\t\t\t\t<\/div>\n\t\t\t\t\t<\/div>\n\t\t\t\t<\/div>\n\t\t<div class=\"elementor-element elementor-element-32c5def e-flex e-con-boxed e-con e-parent\" data-id=\"32c5def\" data-element_type=\"container\" data-settings=\"{&quot;content_width&quot;:&quot;boxed&quot;}\" data-core-v316-plus=\"true\">\n\t\t\t\t\t<div class=\"e-con-inner\">\n\t\t\t\t<div class=\"elementor-element elementor-element-dead2c8 eael-contact-form-7-button-align-center eael-contact-form-7-button-custom elementor-invisible elementor-widget elementor-widget-eael-contact-form-7\" data-id=\"dead2c8\" data-element_type=\"widget\" data-settings=\"{&quot;_animation&quot;:&quot;slideInUp&quot;}\" data-widget_type=\"eael-contact-form-7.default\">\n\t\t\t\t<div class=\"elementor-widget-container\">\n\t\t\t<div class=\"eael-contact-form-7-wrapper\">\n                <div class=\"eael-contact-form eael-contact-form-7 eael-contact-form-dead2c8 placeholder-show eael-contact-form-align-center\">\n<div class=\"wpcf7 no-js\" id=\"wpcf7-f39-o1\" lang=\"es-ES\" dir=\"ltr\">\n<div class=\"screen-reader-response\"><p role=\"status\" aria-live=\"polite\" aria-atomic=\"true\"><\/p> <ul><\/ul><\/div>\n<form action=\"\/index.php?rest_route=%2Fwp%2Fv2%2Fpages%2F29#wpcf7-f39-o1\" method=\"post\" class=\"wpcf7-form init\" aria-label=\"Formulario de contacto\" novalidate=\"novalidate\" data-status=\"init\">\n<div style=\"display: none;\">\n<input type=\"hidden\" name=\"_wpcf7\" value=\"39\" \/>\n<input type=\"hidden\" name=\"_wpcf7_version\" value=\"5.8.1\" \/>\n<input type=\"hidden\" name=\"_wpcf7_locale\" value=\"es_ES\" \/>\n<input type=\"hidden\" name=\"_wpcf7_unit_tag\" value=\"wpcf7-f39-o1\" \/>\n<input type=\"hidden\" name=\"_wpcf7_container_post\" value=\"0\" \/>\n<input type=\"hidden\" name=\"_wpcf7_posted_data_hash\" value=\"\" \/>\n<\/div>\n<p><label>Nom de la Persona<br \/>\n<span class=\"wpcf7-form-control-wrap\" data-name=\"your-name\"><input size=\"40\" class=\"wpcf7-form-control wpcf7-text wpcf7-validates-as-required\" aria-required=\"true\" aria-invalid=\"false\" value=\"\" type=\"text\" name=\"your-name\" \/><\/span><br \/>\n<\/label>\n<\/p>\n<p><label>Email<br \/>\n<span class=\"wpcf7-form-control-wrap\" data-name=\"your-email\"><input size=\"40\" class=\"wpcf7-form-control wpcf7-email wpcf7-validates-as-required wpcf7-text wpcf7-validates-as-email\" aria-required=\"true\" aria-invalid=\"false\" value=\"\" type=\"email\" name=\"your-email\" \/><\/span><br \/>\n<\/label>\n<\/p>\n<p><label>N\u00famero de m\u00f2bil<br \/>\n<span class=\"wpcf7-form-control-wrap\" data-name=\"your-phone\"><input size=\"40\" class=\"wpcf7-form-control wpcf7-tel wpcf7-validates-as-required wpcf7-text wpcf7-validates-as-tel\" aria-required=\"true\" aria-invalid=\"false\" value=\"\" type=\"tel\" name=\"your-phone\" \/><\/span><br \/>\n<\/label>\n<\/p>\n<p><label>N\u00famero de Persones (m\u00e1ximo 11)<br \/>\n<span class=\"wpcf7-form-control-wrap\" data-name=\"number-of-people\"><input class=\"wpcf7-form-control wpcf7-number wpcf7-validates-as-required wpcf7-validates-as-number\" min=\"1\" max=\"11\" aria-required=\"true\" aria-invalid=\"false\" value=\"\" type=\"number\" name=\"number-of-people\" \/><\/span><br \/>\n<\/label>\n<\/p>\n<p><label>N\u00famero d'Adultos<br \/>\n<span class=\"wpcf7-form-control-wrap\" data-name=\"number-of-adults\"><input class=\"wpcf7-form-control wpcf7-number wpcf7-validates-as-required wpcf7-validates-as-number\" min=\"0\" max=\"11\" aria-required=\"true\" aria-invalid=\"false\" value=\"\" type=\"number\" name=\"number-of-adults\" \/><\/span><br \/>\n<\/label>\n<\/p>\n<p><label>N\u00famero de nens<br \/>\n<span class=\"wpcf7-form-control-wrap\" data-name=\"number-of-children\"><input class=\"wpcf7-form-control wpcf7-number wpcf7-validates-as-required wpcf7-validates-as-number\" min=\"0\" max=\"11\" aria-required=\"true\" aria-invalid=\"false\" value=\"\" type=\"number\" name=\"number-of-children\" \/><\/span><br \/>\n<\/label>\n<\/p>\n<p><label>Tipus de reserva<\/label><br \/>\n<span class=\"wpcf7-form-control-wrap\" data-name=\"person-type\"><select class=\"wpcf7-form-control wpcf7-select wpcf7-validates-as-required\" aria-required=\"true\" aria-invalid=\"false\" name=\"person-type\"><option value=\"Terrassa\">Terrassa<\/option><option value=\"Interior\">Interior<\/option><\/select><\/span>\n<\/p>\n<p><label>Fecha i Hora<\/label><br \/>\n        <span  class=\"wpcf7-form-control-wrap reservation-date\" data-name=\"reservation-date\">\n        \t<input size=\"40\" class=\"wpcf7-form-control wpcf7-datepicker wpcf7-validates-as-required datepicker gmdpcf_datepicker\" format=\"dd-mm-yy\" min_val=\"current|plus|0|days\" max_val=\"no_limit\" disable_weekdays=\"\" aria-required=\"true\" aria-invalid=\"false\" type=\"text\" name=\"reservation-date\" \/>\n        \t\t\t<\/span >\n        \n<\/p>\n<p><label>Hora<\/label><br \/>\n<span class=\"wpcf7-form-control-wrap\" data-name=\"tu-hora\"><select class=\"wpcf7-form-control wpcf7-select wpcf7-validates-as-required\" aria-required=\"true\" aria-invalid=\"false\" name=\"tu-hora\"><option value=\"9:00\">9:00<\/option><option value=\"9:15\">9:15<\/option><option value=\"9:30\">9:30<\/option><option value=\"9:45\">9:45<\/option><option value=\"10:00\">10:00<\/option><option value=\"10:15\">10:15<\/option><option value=\"10:30\">10:30<\/option><option value=\"10:45\">10:45<\/option><option value=\"11:00\">11:00<\/option><option value=\"11:15\">11:15<\/option><option value=\"11:30\">11:30<\/option><option value=\"11:45\">11:45<\/option><option value=\"12:00\">12:00<\/option><option value=\"12:15\">12:15<\/option><option value=\"12:30\">12:30<\/option><option value=\"12:45\">12:45<\/option><option value=\"13:00\">13:00<\/option><option value=\"13:15\">13:15<\/option><option value=\"13:30\">13:30<\/option><option value=\"13:45\">13:45<\/option><option value=\"14:00\">14:00<\/option><option value=\"14:15\">14:15<\/option><option value=\"14:30\">14:30<\/option><option value=\"14:45\">14:45<\/option><option value=\"15:00\">15:00<\/option><option value=\"15:15\">15:15<\/option><option value=\"15:30\">15:30<\/option><option value=\"15:45\">15:45<\/option><option value=\"16:00\">16:00<\/option><\/select><\/span>\n<\/p>\n<p><input class=\"wpcf7-form-control wpcf7-submit has-spinner\" type=\"submit\" value=\"Enviar Reserva\" \/>\n<\/p><div class=\"wpcf7-response-output\" aria-hidden=\"true\"><\/div>\n<\/form>\n<\/div>\n<\/div>\n            <\/div>\t\t<\/div>\n\t\t\t\t<\/div>\n\t\t\t\t\t<\/div>\n\t\t\t\t<\/div>\n\t\t<div class=\"elementor-element elementor-element-4cee177 e-flex e-con-boxed e-con e-parent\" data-id=\"4cee177\" data-element_type=\"container\" data-settings=\"{&quot;content_width&quot;:&quot;boxed&quot;}\" data-core-v316-plus=\"true\">\n\t\t\t\t\t<div class=\"e-con-inner\">\n\t\t\t\t\t<\/div>\n\t\t\t\t<\/div>\n\t\t\t\t\t\t\t<\/div>\n\t\t","protected":false},"excerpt":{"rendered":"<p>GRUPS DE 5 PERSONES A M\u00c9S: A causa de l&#8217;alta quantitat de reserves i cancel\u00b7laci\u00f3 de la mateixa sense av\u00eds. No donarem taules sense pagament anticipat de 5,00\u20ac per persona.&nbsp; GRUPOS DE 5 PERSONAS O M\u00c1S: Debido a la alta&#8230; <\/p>\n<div class=\"readmore-section\"><a href=\"https:\/\/elraco.online\/\"><input type=\"submit\" name=\"submit\" value=\"Seguir leyendo&#8230;\" class=\"readmore-btn\" ><\/a><\/div>\n","protected":false},"author":1,"featured_media":0,"parent":0,"menu_order":0,"comment_status":"closed","ping_status":"closed","template":"","meta":{"footnotes":""},"_links":{"self":[{"href":"https:\/\/elraco.online\/index.php?rest_route=\/wp\/v2\/pages\/29"}],"collection":[{"href":"https:\/\/elraco.online\/index.php?rest_route=\/wp\/v2\/pages"}],"about":[{"href":"https:\/\/elraco.online\/index.php?rest_route=\/wp\/v2\/types\/page"}],"author":[{"embeddable":true,"href":"https:\/\/elraco.online\/index.php?rest_route=\/wp\/v2\/users\/1"}],"replies":[{"embeddable":true,"href":"https:\/\/elraco.online\/index.php?rest_route=%2Fwp%2Fv2%2Fcomments&post=29"}],"version-history":[{"count":38,"href":"https:\/\/elraco.online\/index.php?rest_route=\/wp\/v2\/pages\/29\/revisions"}],"predecessor-version":[{"id":371,"href":"https:\/\/elraco.online\/index.php?rest_route=\/wp\/v2\/pages\/29\/revisions\/371"}],"wp:attachment":[{"href":"https:\/\/elraco.online\/index.php?rest_route=%2Fwp%2Fv2%2Fmedia&parent=29"}],"curies":[{"name":"wp","href":"https:\/\/api.w.org\/{rel}","templated":true}]}}