{"id":5,"date":"2023-10-18T15:33:34","date_gmt":"2023-10-18T15:33:34","guid":{"rendered":"https:\/\/elraco.online\/?page_id=5"},"modified":"2026-04-15T13:11:24","modified_gmt":"2026-04-15T13:11:24","slug":"menu","status":"publish","type":"page","link":"https:\/\/elraco.online\/?page_id=5","title":{"rendered":"MEN\u00da"},"content":{"rendered":"\n<hr class=\"wp-block-separator has-alpha-channel-opacity is-style-wide\"\/>\n\n\n\n<p>\u00abEstimats clients, us informem que no est\u00e0 perm\u00e8s ingressar begudes de l&#8217;exterior. Agra\u00efm la vostra comprensi\u00f3 i us convidem a gaudir de la nostra selecci\u00f3 de begudes al nostre restaurant\u00bb<\/p>\n\n\n\n<p>\u00abEstimados clientes, les informamos que no est\u00e1 permitido ingresar bebidas del exterior. Agradecemos su comprensi\u00f3n y les invitamos a disfrutar de nuestra selecci\u00f3n de bebidas en nuestro restaurante \u00ab<\/p>\n\n\n\n<p>\u00abDear customers, we inform you that it is not allowed to bring in drinks from outside. We appreciate your understanding and we invite you to enjoy our selection of drinks in our restaurant\u00bb<\/p>\n\n\n\n<p>\u00abChers clients, nous vous informons qu&#8217;il n&#8217;est pas permis d&#8217;apporter des boissons de l&#8217;ext\u00e9rieur. Nous appr\u00e9cions votre compr\u00e9hension et nous vous invitons \u00e0 profiter de notre s\u00e9lection de boissons dans notre restaurant\u00bb<\/p>\n\n\n\n<p>\u201eLiebe Kunden, wir informieren Sie, dass das Mitbringen von Getr\u00e4nken von au\u00dferhalb nicht gestattet ist. Wir danken Ihnen f\u00fcr Ihr Verst\u00e4ndnis und laden Sie ein, unsere Getr\u00e4nkeauswahl in unserem Restaurant zu genie\u00dfen.\u201c<\/p>\n\n\n\n<p>\u201c\u5c0a\u656c\u7684\u987e\u5ba2\uff0c\u6211\u4eec\u901a\u77e5\u60a8\uff0c\u4e0d\u5141\u8bb8\u4ece\u5916\u9762\u5e26\u5165\u996e\u6599\u3002\u611f\u8c22\u60a8\u7684\u7406\u89e3\uff0c\u6211\u4eec\u9080\u8bf7\u60a8\u5728\u6211\u4eec\u7684\u9910\u5385\u4eab\u7528\u6211\u4eec\u7cbe\u9009\u7684\u996e\u6599\u201d<\/p>\n\n\n\n<p>\u300c\u304a\u5ba2\u69d8\u5404\u4f4d\u3001\u5916\u90e8\u304b\u3089\u306e\u304a\u98f2\u307f\u7269\u306e\u6301\u3061\u8fbc\u307f\u306f\u3054\u9060\u616e\u3044\u305f\u3060\u3044\u3066\u304a\u308a\u307e\u3059\u3002\u3054\u7406\u89e3\u306e\u307b\u3069\u3001\u3088\u308d\u3057\u304f\u304a\u9858\u3044\u3044\u305f\u3057\u307e\u3059\u3002\u5f53\u5e97\u53b3\u9078\u306e\u304a\u98f2\u307f\u7269\u3092\u304a\u697d\u3057\u307f\u304f\u3060\u3055\u3044\u3002\u300d<\/p>\n\n\n\n<p>\u00ab\uace0\uac1d\ub2d8, \uc678\ubd80 \uc74c\ub8cc \ubc18\uc785\uc774 \ubd88\uac00\ud568\uc744 \uc54c\ub824\ub4dc\ub9bd\ub2c8\ub2e4. \uc591\ud574 \ubd80\ud0c1\ub4dc\ub9ac\uba70, \uc800\ud76c \ub808\uc2a4\ud1a0\ub791\uc5d0\uc11c \uc5c4\uc120\ub41c \uc74c\ub8cc\ub97c \uc990\uaca8\ubcf4\uc2dc\uae30 \ubc14\ub78d\ub2c8\ub2e4.\u00bb<\/p>\n\n\n\n<hr class=\"wp-block-separator has-alpha-channel-opacity is-style-wide\"\/>\n\n\n\n<h2 class=\"wp-block-heading\">ESMORZARS DE FORQUILLA<\/h2>\n\n\n\n<figure class=\"wp-block-image size-large\"><img decoding=\"async\" loading=\"lazy\" width=\"1024\" height=\"1024\" src=\"https:\/\/elraco.online\/wp-content\/uploads\/2026\/01\/1000216242-1024x1024.png\" alt=\"\" class=\"wp-image-402\" srcset=\"https:\/\/elraco.online\/wp-content\/uploads\/2026\/01\/1000216242-1024x1024.png 1024w, https:\/\/elraco.online\/wp-content\/uploads\/2026\/01\/1000216242-300x300.png 300w, https:\/\/elraco.online\/wp-content\/uploads\/2026\/01\/1000216242-150x150.png 150w, https:\/\/elraco.online\/wp-content\/uploads\/2026\/01\/1000216242-768x768.png 768w, https:\/\/elraco.online\/wp-content\/uploads\/2026\/01\/1000216242.png 1500w\" sizes=\"(max-width: 1024px) 100vw, 1024px\" \/><\/figure>\n\n\n\n<h2 class=\"wp-block-heading\"><\/h2>\n\n\n\n<div class=\"wp-block-columns is-layout-flex wp-container-4 wp-block-columns-is-layout-flex\">\n<div class=\"wp-block-column is-layout-flow wp-block-column-is-layout-flow\" style=\"flex-basis:100%\">\n<figure class=\"wp-block-gallery has-nested-images columns-default is-cropped wp-block-gallery-1 is-layout-flex wp-block-gallery-is-layout-flex\"><\/figure>\n<\/div>\n<\/div>\n\n\n\n<h2 class=\"wp-block-heading\">MENU CAL\u00c7OTADA CAP DE SETMANA I FESTIUS  ( DES DEL DISSABTE 14 DE DESEMBRE-  RESERVA ANTICIPADA 1 DIA ABANS FINS A LES 17H ) <\/h2>\n\n\n\n<h2 class=\"wp-block-heading\">FIN DE SEMANA Y FESTIVOS (RESERVA ANTICIPADA 1 DIA ANTES HASTA LAS 17H)<\/h2>\n\n\n\n<h2 class=\"wp-block-heading\">WEEKEND AND HOLIDAYS (EARLY RESERVATION 1 DAY BEFORE UNTIL 5:00 PM)<\/h2>\n\n\n\n<figure class=\"wp-block-image size-large is-resized\"><img decoding=\"async\" loading=\"lazy\" width=\"724\" height=\"1024\" src=\"https:\/\/elraco.online\/wp-content\/uploads\/2026\/03\/1000225118-724x1024.png\" alt=\"\" class=\"wp-image-405\" style=\"aspect-ratio:0.707;width:681px;height:auto\" srcset=\"https:\/\/elraco.online\/wp-content\/uploads\/2026\/03\/1000225118-724x1024.png 724w, https:\/\/elraco.online\/wp-content\/uploads\/2026\/03\/1000225118-212x300.png 212w, https:\/\/elraco.online\/wp-content\/uploads\/2026\/03\/1000225118-768x1086.png 768w, https:\/\/elraco.online\/wp-content\/uploads\/2026\/03\/1000225118-1086x1536.png 1086w, https:\/\/elraco.online\/wp-content\/uploads\/2026\/03\/1000225118.png 1414w\" sizes=\"(max-width: 724px) 100vw, 724px\" \/><\/figure>\n\n\n\n<h2 class=\"wp-block-heading\">MENU CAP DE SETMANA I FESTIUS\/ MENU FIN DE SEMANA Y FESTIVOS<\/h2>\n\n\n\n<figure class=\"wp-block-image size-large is-resized\"><img decoding=\"async\" loading=\"lazy\" width=\"724\" height=\"1024\" src=\"https:\/\/elraco.online\/wp-content\/uploads\/2025\/12\/1000203834-724x1024.png\" alt=\"\" class=\"wp-image-398\" style=\"aspect-ratio:0.70703125;width:482px;height:auto\" srcset=\"https:\/\/elraco.online\/wp-content\/uploads\/2025\/12\/1000203834-724x1024.png 724w, https:\/\/elraco.online\/wp-content\/uploads\/2025\/12\/1000203834-212x300.png 212w, https:\/\/elraco.online\/wp-content\/uploads\/2025\/12\/1000203834-768x1086.png 768w, https:\/\/elraco.online\/wp-content\/uploads\/2025\/12\/1000203834-1086x1536.png 1086w, https:\/\/elraco.online\/wp-content\/uploads\/2025\/12\/1000203834.png 1414w\" sizes=\"(max-width: 724px) 100vw, 724px\" \/><\/figure>\n\n\n\n<div class=\"wp-block-columns is-layout-flex wp-container-6 wp-block-columns-is-layout-flex\">\n<div class=\"wp-block-column is-layout-flow wp-block-column-is-layout-flow\">\n<h2 class=\"wp-block-heading\">MENU DIARI (13h a 15h) <\/h2>\n\n\n\n<p><strong>No hi ha menu diario el dia 17 de desembre al 20 de gener<\/strong><\/p>\n\n\n\n<p><strong>No hay men\u00fa diario el d\u00eda 17 de Diciembre al 20 de Enero<\/strong><\/p>\n\n\n\n<p><strong>No daily menu from the 17th December to the 20th<\/strong> J<strong>anuary<\/strong><\/p>\n<\/div>\n<\/div>\n\n\n\n<figure class=\"wp-block-image size-large is-resized\"><img decoding=\"async\" loading=\"lazy\" width=\"724\" height=\"1024\" src=\"http:\/\/elraco.online\/wp-content\/uploads\/2024\/10\/Nuevo-diario_20241011_230808_0001-724x1024.png\" alt=\"\" class=\"wp-image-260\" style=\"aspect-ratio:0.70703125;width:835px;height:auto\" srcset=\"https:\/\/elraco.online\/wp-content\/uploads\/2024\/10\/Nuevo-diario_20241011_230808_0001-724x1024.png 724w, https:\/\/elraco.online\/wp-content\/uploads\/2024\/10\/Nuevo-diario_20241011_230808_0001-212x300.png 212w, https:\/\/elraco.online\/wp-content\/uploads\/2024\/10\/Nuevo-diario_20241011_230808_0001-768x1086.png 768w, https:\/\/elraco.online\/wp-content\/uploads\/2024\/10\/Nuevo-diario_20241011_230808_0001-1086x1536.png 1086w, https:\/\/elraco.online\/wp-content\/uploads\/2024\/10\/Nuevo-diario_20241011_230808_0001.png 1414w\" sizes=\"(max-width: 724px) 100vw, 724px\" \/><\/figure>\n\n\n\n<hr class=\"wp-block-separator has-alpha-channel-opacity is-style-wide\"\/>\n\n\n\n<h2 class=\"wp-block-heading alignwide\"><strong>PLATOS A LA CARTA <\/strong><\/h2>\n\n\n\n<div class=\"wp-block-columns alignfull are-vertically-aligned-top is-layout-flex wp-container-13 wp-block-columns-is-layout-flex\">\n<div class=\"wp-block-column is-vertically-aligned-top is-layout-flow wp-block-column-is-layout-flow\">\n<div class=\"wp-block-columns is-layout-flex wp-container-11 wp-block-columns-is-layout-flex\">\n<div class=\"wp-block-column is-vertically-aligned-top is-layout-flow wp-block-column-is-layout-flow\"><div class=\"wp-block-image\">\n<figure class=\"aligncenter size-large\"><img decoding=\"async\" loading=\"lazy\" width=\"724\" height=\"1024\" src=\"https:\/\/elraco.online\/wp-content\/uploads\/2026\/04\/1000235787-724x1024.png\" alt=\"\" class=\"wp-image-407\" srcset=\"https:\/\/elraco.online\/wp-content\/uploads\/2026\/04\/1000235787-724x1024.png 724w, https:\/\/elraco.online\/wp-content\/uploads\/2026\/04\/1000235787-212x300.png 212w, https:\/\/elraco.online\/wp-content\/uploads\/2026\/04\/1000235787-768x1086.png 768w, https:\/\/elraco.online\/wp-content\/uploads\/2026\/04\/1000235787-1086x1536.png 1086w, https:\/\/elraco.online\/wp-content\/uploads\/2026\/04\/1000235787.png 1414w\" sizes=\"(max-width: 724px) 100vw, 724px\" \/><\/figure><\/div><\/div>\n\n\n\n<div class=\"wp-block-column is-vertically-aligned-top is-layout-flow wp-block-column-is-layout-flow\">\n<figure class=\"wp-block-gallery has-nested-images columns-default is-cropped wp-block-gallery-8 is-layout-flex wp-block-gallery-is-layout-flex\">\n<figure class=\"wp-block-image size-large\"><img decoding=\"async\" loading=\"lazy\" width=\"724\" height=\"1024\" src=\"https:\/\/elraco.online\/wp-content\/uploads\/2025\/12\/1000201903-1-724x1024.png\" alt=\"\" class=\"wp-image-389\" srcset=\"https:\/\/elraco.online\/wp-content\/uploads\/2025\/12\/1000201903-1-724x1024.png 724w, https:\/\/elraco.online\/wp-content\/uploads\/2025\/12\/1000201903-1-212x300.png 212w, https:\/\/elraco.online\/wp-content\/uploads\/2025\/12\/1000201903-1-768x1086.png 768w, https:\/\/elraco.online\/wp-content\/uploads\/2025\/12\/1000201903-1-1086x1536.png 1086w, https:\/\/elraco.online\/wp-content\/uploads\/2025\/12\/1000201903-1.png 1414w\" sizes=\"(max-width: 724px) 100vw, 724px\" \/><\/figure>\n<\/figure>\n<\/div>\n<\/div>\n<\/div>\n<\/div>\n\n\n\n<div class=\"wp-block-columns is-layout-flex wp-container-15 wp-block-columns-is-layout-flex\">\n<div class=\"wp-block-column is-layout-flow wp-block-column-is-layout-flow\">\n<h2 class=\"wp-block-heading\">POSTRES\/ DESSERTS<\/h2>\n\n\n\n<figure class=\"wp-block-image size-large\"><img decoding=\"async\" loading=\"lazy\" width=\"724\" height=\"1024\" src=\"https:\/\/elraco.online\/wp-content\/uploads\/2025\/12\/1000201915-724x1024.png\" alt=\"\" class=\"wp-image-396\" srcset=\"https:\/\/elraco.online\/wp-content\/uploads\/2025\/12\/1000201915-724x1024.png 724w, https:\/\/elraco.online\/wp-content\/uploads\/2025\/12\/1000201915-212x300.png 212w, https:\/\/elraco.online\/wp-content\/uploads\/2025\/12\/1000201915-768x1086.png 768w, https:\/\/elraco.online\/wp-content\/uploads\/2025\/12\/1000201915-1086x1536.png 1086w, https:\/\/elraco.online\/wp-content\/uploads\/2025\/12\/1000201915.png 1414w\" sizes=\"(max-width: 724px) 100vw, 724px\" \/><\/figure>\n<\/div>\n<\/div>\n\n\n\n<hr class=\"wp-block-separator has-alpha-channel-opacity is-style-wide\"\/>\n\n\n\n<h2 class=\"wp-block-heading\">MENU INFANTIL<\/h2>\n\n\n\n<div class=\"wp-block-columns is-layout-flex wp-container-17 wp-block-columns-is-layout-flex\">\n<div class=\"wp-block-column is-layout-flow wp-block-column-is-layout-flow\">\n<figure class=\"wp-block-image size-large\"><img decoding=\"async\" loading=\"lazy\" width=\"724\" height=\"1024\" src=\"https:\/\/elraco.online\/wp-content\/uploads\/2024\/03\/menu-diario_20240305_135956_0000-724x1024.png\" alt=\"\" class=\"wp-image-219\" srcset=\"https:\/\/elraco.online\/wp-content\/uploads\/2024\/03\/menu-diario_20240305_135956_0000-724x1024.png 724w, https:\/\/elraco.online\/wp-content\/uploads\/2024\/03\/menu-diario_20240305_135956_0000-212x300.png 212w, https:\/\/elraco.online\/wp-content\/uploads\/2024\/03\/menu-diario_20240305_135956_0000-768x1086.png 768w, https:\/\/elraco.online\/wp-content\/uploads\/2024\/03\/menu-diario_20240305_135956_0000-1086x1536.png 1086w, https:\/\/elraco.online\/wp-content\/uploads\/2024\/03\/menu-diario_20240305_135956_0000.png 1414w\" sizes=\"(max-width: 724px) 100vw, 724px\" \/><\/figure>\n<\/div>\n<\/div>\n\n\n\n<div class=\"wp-block-columns is-layout-flex wp-container-19 wp-block-columns-is-layout-flex\">\n<div class=\"wp-block-column is-layout-flow wp-block-column-is-layout-flow\">\n<hr class=\"wp-block-separator has-alpha-channel-opacity\"\/>\n<\/div>\n<\/div>\n\n\n\n<h2 class=\"wp-block-heading\">LICORS \/ LICORES\/ LIQUORS<\/h2>\n\n\n\n<figure class=\"wp-block-image size-large\"><img decoding=\"async\" loading=\"lazy\" width=\"682\" height=\"1024\" src=\"https:\/\/elraco.online\/wp-content\/uploads\/2024\/06\/L8CORES_20240630_160447_0000-682x1024.png\" alt=\"\" class=\"wp-image-245\" srcset=\"https:\/\/elraco.online\/wp-content\/uploads\/2024\/06\/L8CORES_20240630_160447_0000-682x1024.png 682w, https:\/\/elraco.online\/wp-content\/uploads\/2024\/06\/L8CORES_20240630_160447_0000-200x300.png 200w, https:\/\/elraco.online\/wp-content\/uploads\/2024\/06\/L8CORES_20240630_160447_0000-768x1152.png 768w, https:\/\/elraco.online\/wp-content\/uploads\/2024\/06\/L8CORES_20240630_160447_0000-1024x1536.png 1024w, https:\/\/elraco.online\/wp-content\/uploads\/2024\/06\/L8CORES_20240630_160447_0000.png 1333w\" sizes=\"(max-width: 682px) 100vw, 682px\" \/><\/figure>\n\n\n\n<h2 class=\"wp-block-heading\">CERVEZA \/ VI \/ CAFE \/ BEGUDES<\/h2>\n\n\n\n<figure class=\"wp-block-image size-large is-resized\"><img decoding=\"async\" loading=\"lazy\" width=\"724\" height=\"1024\" src=\"https:\/\/elraco.online\/wp-content\/uploads\/2025\/01\/Nuevo-bebidas_20250111_171237_0000-724x1024.png\" alt=\"\" class=\"wp-image-352\" style=\"aspect-ratio:0.70703125;width:851px;height:auto\" srcset=\"https:\/\/elraco.online\/wp-content\/uploads\/2025\/01\/Nuevo-bebidas_20250111_171237_0000-724x1024.png 724w, https:\/\/elraco.online\/wp-content\/uploads\/2025\/01\/Nuevo-bebidas_20250111_171237_0000-212x300.png 212w, https:\/\/elraco.online\/wp-content\/uploads\/2025\/01\/Nuevo-bebidas_20250111_171237_0000-768x1086.png 768w, https:\/\/elraco.online\/wp-content\/uploads\/2025\/01\/Nuevo-bebidas_20250111_171237_0000-1086x1536.png 1086w, https:\/\/elraco.online\/wp-content\/uploads\/2025\/01\/Nuevo-bebidas_20250111_171237_0000.png 1414w\" sizes=\"(max-width: 724px) 100vw, 724px\" \/><\/figure>\n\n\n\n<figure class=\"wp-block-gallery has-nested-images columns-default is-cropped wp-block-gallery-20 is-layout-flex wp-block-gallery-is-layout-flex\">\n<figure class=\"wp-block-image size-large\"><img decoding=\"async\" loading=\"lazy\" width=\"724\" height=\"1024\" data-id=\"366\" src=\"https:\/\/elraco.online\/wp-content\/uploads\/2025\/04\/IMG-20250415-WA0047-724x1024.jpg\" alt=\"\" class=\"wp-image-366\" srcset=\"https:\/\/elraco.online\/wp-content\/uploads\/2025\/04\/IMG-20250415-WA0047-724x1024.jpg 724w, https:\/\/elraco.online\/wp-content\/uploads\/2025\/04\/IMG-20250415-WA0047-212x300.jpg 212w, https:\/\/elraco.online\/wp-content\/uploads\/2025\/04\/IMG-20250415-WA0047-768x1086.jpg 768w, https:\/\/elraco.online\/wp-content\/uploads\/2025\/04\/IMG-20250415-WA0047-1086x1536.jpg 1086w, https:\/\/elraco.online\/wp-content\/uploads\/2025\/04\/IMG-20250415-WA0047.jpg 1131w\" sizes=\"(max-width: 724px) 100vw, 724px\" \/><\/figure>\n<\/figure>\n\n\n\n<h2 class=\"wp-block-heading\">ENTREPANS\/BOCATAS\/BOCADILLOS<\/h2>\n\n\n\n<figure class=\"wp-block-image size-large is-resized\"><img decoding=\"async\" loading=\"lazy\" width=\"717\" height=\"1024\" src=\"https:\/\/elraco.online\/wp-content\/uploads\/2024\/11\/Screenshot_20241110-120141_Samsung-Notes-717x1024.jpg\" alt=\"\" class=\"wp-image-283\" style=\"aspect-ratio:0.70703125;width:840px;height:auto\" srcset=\"https:\/\/elraco.online\/wp-content\/uploads\/2024\/11\/Screenshot_20241110-120141_Samsung-Notes-717x1024.jpg 717w, https:\/\/elraco.online\/wp-content\/uploads\/2024\/11\/Screenshot_20241110-120141_Samsung-Notes-210x300.jpg 210w, https:\/\/elraco.online\/wp-content\/uploads\/2024\/11\/Screenshot_20241110-120141_Samsung-Notes-768x1097.jpg 768w, https:\/\/elraco.online\/wp-content\/uploads\/2024\/11\/Screenshot_20241110-120141_Samsung-Notes-1076x1536.jpg 1076w, https:\/\/elraco.online\/wp-content\/uploads\/2024\/11\/Screenshot_20241110-120141_Samsung-Notes.jpg 1080w\" sizes=\"(max-width: 717px) 100vw, 717px\" \/><\/figure>\n","protected":false},"excerpt":{"rendered":"<p>\u00abEstimats clients, us informem que no est\u00e0 perm\u00e8s ingressar begudes de l&#8217;exterior. Agra\u00efm la vostra comprensi\u00f3 i us convidem a gaudir de la nostra selecci\u00f3 de begudes al nostre restaurant\u00bb \u00abEstimados clientes, les informamos que no est\u00e1 permitido ingresar bebidas&#8230; <\/p>\n<div class=\"readmore-section\"><a href=\"https:\/\/elraco.online\/?page_id=5\"><input type=\"submit\" name=\"submit\" value=\"Seguir leyendo&#8230;\" class=\"readmore-btn\" ><\/a><\/div>\n","protected":false},"author":1,"featured_media":0,"parent":0,"menu_order":0,"comment_status":"closed","ping_status":"closed","template":"","meta":{"footnotes":""},"_links":{"self":[{"href":"https:\/\/elraco.online\/index.php?rest_route=\/wp\/v2\/pages\/5"}],"collection":[{"href":"https:\/\/elraco.online\/index.php?rest_route=\/wp\/v2\/pages"}],"about":[{"href":"https:\/\/elraco.online\/index.php?rest_route=\/wp\/v2\/types\/page"}],"author":[{"embeddable":true,"href":"https:\/\/elraco.online\/index.php?rest_route=\/wp\/v2\/users\/1"}],"replies":[{"embeddable":true,"href":"https:\/\/elraco.online\/index.php?rest_route=%2Fwp%2Fv2%2Fcomments&post=5"}],"version-history":[{"count":109,"href":"https:\/\/elraco.online\/index.php?rest_route=\/wp\/v2\/pages\/5\/revisions"}],"predecessor-version":[{"id":408,"href":"https:\/\/elraco.online\/index.php?rest_route=\/wp\/v2\/pages\/5\/revisions\/408"}],"wp:attachment":[{"href":"https:\/\/elraco.online\/index.php?rest_route=%2Fwp%2Fv2%2Fmedia&parent=5"}],"curies":[{"name":"wp","href":"https:\/\/api.w.org\/{rel}","templated":true}]}}